{"id":72,"date":"2023-05-13T12:32:52","date_gmt":"2023-05-13T12:32:52","guid":{"rendered":"https:\/\/demo.creativethemes.com\/blocksy\/home-decor\/?page_id=72"},"modified":"2023-06-26T21:49:52","modified_gmt":"2023-06-26T21:49:52","slug":"refund_returns","status":"publish","type":"page","link":"https:\/\/mercadecord.com\/index.php\/refund_returns\/","title":{"rendered":""},"content":{"rendered":"\n<div class=\"wp-block-stackable-spacer stk-block-spacer stk--no-padding stk-block stk-fa2c7a8\" data-block-id=\"fa2c7a8\"><style>.stk-fa2c7a8{height:70px !important}<\/style><\/div>\n\n\n\n<h2>Pol\u00edtica de devoluciones y reembolsos.<\/h2>\n\n\n\n<div class=\"is-vertical is-layout-flex wp-container-2 wp-block-group\">\n<p><strong>Vision General<\/strong><br>En Mercadeco, nuestro objetivo es que nuestros clientes est\u00e9n satisfechos con su compra y disfruten de sus productos de decoraci\u00f3n de interiores. Si por alguna raz\u00f3n no est\u00e1s completamente satisfecho con tu compra, ofrecemos una pol\u00edtica de devoluci\u00f3n y reembolso justa y transparente.<\/p>\n<\/div>\n\n\n\n<p>Si recibes un producto defectuoso o incorrecto, por favor, ponte en contacto con nosotros en un plazo de 7 d\u00edas h\u00e1biles desde la fecha de entrega para que podamos solucionar el problema. Si el producto no cumple con tus expectativas, tambi\u00e9n puedes devolverlo en un plazo de 30 d\u00edas h\u00e1biles desde la fecha de entrega, siempre y cuando se encuentre en su estado original y sin usar.<\/p>\n\n\n\n<p>Para procesar una devoluci\u00f3n, cont\u00e1ctanos a trav\u00e9s de nuestro servicio de atenci\u00f3n al cliente y te proporcionaremos una autorizaci\u00f3n de devoluci\u00f3n y las instrucciones necesarias para el env\u00edo del producto. El costo del env\u00edo de devoluci\u00f3n correr\u00e1 a cargo del cliente, a menos que el producto recibido sea incorrecto o defectuoso.<\/p>\n\n\n\n<p>Una vez que recibamos el producto devuelto, lo inspeccionaremos para asegurarnos de que se encuentre en su estado original. Si todo est\u00e1 en orden, procesaremos el reembolso dentro de un plazo de 5 a 7 d\u00edas h\u00e1biles.<\/p>\n\n\n\n<p>Queremos que nuestros clientes tengan una experiencia de compra positiva con nosotros y nos esforzamos por cumplir con tus expectativas. Si tienes alguna pregunta o inquietud, no dudes en ponerte en contacto con nosotros.<\/p>\n\n\n\n<p><\/p>\n\n\n\n<p>Cont\u00e1ctanos en <a href=\"mailto:info@mercadeco.com\">info@mercadeco.com<\/a> para preguntas relacionadas con devoluciones y reembolsos.<\/p>\n","protected":false},"excerpt":{"rendered":"<p>Pol\u00edtica de devoluciones y reembolsos. Vision GeneralEn Mercadeco, nuestro objetivo es que nuestros clientes est\u00e9n satisfechos con su compra y disfruten de sus productos de decoraci\u00f3n de interiores. Si por alguna raz\u00f3n no est\u00e1s completamente satisfecho con tu compra, ofrecemos una pol\u00edtica de devoluci\u00f3n y reembolso justa y transparente. Si recibes un producto defectuoso o incorrecto, por favor, ponte en contacto con nosotros en un plazo de 7 d\u00edas h\u00e1biles desde la fecha de entrega para que podamos solucionar el problema. Si el producto no cumple con tus expectativas, tambi\u00e9n puedes devolverlo en un plazo de 30 d\u00edas h\u00e1biles desde\u2026<\/p>\n","protected":false},"author":3,"featured_media":0,"parent":0,"menu_order":0,"comment_status":"closed","ping_status":"closed","template":"","meta":[],"blocksy_meta":"","featured_image_urls":{"full":"","thumbnail":"","medium":"","medium_large":"","large":"","1536x1536":"","2048x2048":"","mailpoet_newsletter_max":"","woocommerce_thumbnail":"","woocommerce_single":"","woocommerce_gallery_thumbnail":""},"post_excerpt_stackable":"<p>Pol\u00edtica de devoluciones y reembolsos. Vision GeneralEn Mercadeco, nuestro objetivo es que nuestros clientes est\u00e9n satisfechos con su compra y disfruten de sus productos de decoraci\u00f3n de interiores. Si por alguna raz\u00f3n no est\u00e1s completamente satisfecho con tu compra, ofrecemos una pol\u00edtica de devoluci\u00f3n y reembolso justa y transparente. Si recibes un producto defectuoso o incorrecto, por favor, ponte en contacto con nosotros en un plazo de 7 d\u00edas h\u00e1biles desde la fecha de entrega para que podamos solucionar el problema. Si el producto no cumple con tus expectativas, tambi\u00e9n puedes devolverlo en un plazo de 30 d\u00edas h\u00e1biles desde&hellip;<\/p>\n","category_list":"","author_info":{"name":"Lundis Medrano","url":"https:\/\/mercadecord.com\/index.php\/author\/lundisrafaeljiron-com\/"},"comments_num":"0 comentarios","aioseo_notices":[],"_links":{"self":[{"href":"https:\/\/mercadecord.com\/index.php\/wp-json\/wp\/v2\/pages\/72"}],"collection":[{"href":"https:\/\/mercadecord.com\/index.php\/wp-json\/wp\/v2\/pages"}],"about":[{"href":"https:\/\/mercadecord.com\/index.php\/wp-json\/wp\/v2\/types\/page"}],"author":[{"embeddable":true,"href":"https:\/\/mercadecord.com\/index.php\/wp-json\/wp\/v2\/users\/3"}],"replies":[{"embeddable":true,"href":"https:\/\/mercadecord.com\/index.php\/wp-json\/wp\/v2\/comments?post=72"}],"version-history":[{"count":4,"href":"https:\/\/mercadecord.com\/index.php\/wp-json\/wp\/v2\/pages\/72\/revisions"}],"predecessor-version":[{"id":977,"href":"https:\/\/mercadecord.com\/index.php\/wp-json\/wp\/v2\/pages\/72\/revisions\/977"}],"wp:attachment":[{"href":"https:\/\/mercadecord.com\/index.php\/wp-json\/wp\/v2\/media?parent=72"}],"curies":[{"name":"wp","href":"https:\/\/api.w.org\/{rel}","templated":true}]}}